{"id":355,"date":"2013-05-14T16:31:19","date_gmt":"2013-05-14T16:31:19","guid":{"rendered":"http:\/\/arbitrio.se\/?page_id=355"},"modified":"2023-12-20T14:09:10","modified_gmt":"2023-12-20T14:09:10","slug":"hypnoterapi-och-stresshantering","status":"publish","type":"page","link":"https:\/\/arbitrio.se\/?page_id=355","title":{"rendered":"Stresshantering och Hypnoterapi"},"content":{"rendered":"\r\n<figure class=\"wp-block-image size-large is-style-rounded\"><a href=\"http:\/\/media.arbitrio.se\/2023\/08\/IMG_20230520_122736-scaled-e1692717807922.jpg\"><img loading=\"lazy\" decoding=\"async\" width=\"1024\" height=\"768\" class=\"wp-image-458\" src=\"http:\/\/media.arbitrio.se\/2023\/08\/IMG_20230520_122736-1024x768.jpg\" alt=\"\" \/><\/a><\/figure>\r\n\r\n<h3>Stresshantering<\/h3>\r\n<p>Att bli stressad \u00e4r ingen sjukdom i sig, utan ett naturligt tillst\u00e5nd f\u00f6r m\u00e4nniskor. Stressen \u00e4r en naturlig psykologisk och biologisk reaktion p\u00e5 hot och yttre p\u00e5frestningar. Men stress kan leda till sjukdom, kroppslig s\u00e5v\u00e4l som psykisk. S\u00e4rskilt arbetsrelaterad stress \u00e4r en av de stora orsakerna till oh\u00e4lsa och utmattningssyndrom. Att f\u00f6rebygga och ta hand om stressen i tid innan den f\u00e5r \u00f6vertaget och orsakar l\u00e5ngvarigt lidande och sjukskrivning \u00e4r en insats som l\u00f6nar sig.<\/p>\r\n<p>Vi\u00a0hj\u00e4lper dig genom personliga terapeutiska samtal, avslappningstekniker och \u00e4ven\u00a0hypnoterapi om du \u00f6nskar det.<\/p>\r\n<h3>Hypnoterapi<\/h3>\r\n<p>\u00c4r en djupg\u00e5ende och ofarlig v\u00e4g att \u00f6ka och st\u00e4rka din personliga<\/p>\r\n<ul>\r\n<li>Sj\u00e4lvk\u00e4nnedom och sj\u00e4lvinsikt f\u00f6r att se nya m\u00f6jliga v\u00e4gar i ditt liv<\/li>\r\n<li>Emotionella och mentala h\u00e4lsa.<\/li>\r\n<li>Fysiska h\u00e4lsa<\/li>\r\n<li>F\u00f6rm\u00e5ga att prestera b\u00e4ttre vid tex idrottsut\u00f6vning<\/li>\r\n<li>F\u00f6rm\u00e5ga\u00a0 att uppn\u00e5 dina m\u00e5l<\/li>\r\n<li>Till att v\u00e4xa psykiskt och intellektuellt som m\u00e4nniska<\/li>\r\n<li>Insikt om vem du \u00e4r p\u00e5 ett djupare och andligt plan tex genom regressionsterapi (TLT-Tidigareliv terapi)<\/li>\r\n<\/ul>\r\n<p>Vi hj\u00e4lper dig genom olika hypnoterapeutiska metoder och v\u00e4ljer i samr\u00e5d med dig ut den metod som passar dig b\u00e4st att uppn\u00e5 det du vill \u00e5stadkomma.<\/p>\r\n<p>&nbsp;<\/p>","protected":false},"excerpt":{"rendered":"<p>Stresshantering Att bli stressad \u00e4r ingen sjukdom i sig, utan ett naturligt tillst\u00e5nd f\u00f6r m\u00e4nniskor. Stressen \u00e4r en naturlig psykologisk och biologisk reaktion p\u00e5 hot och yttre p\u00e5frestningar. Men stress kan leda till sjukdom, kroppslig s\u00e5v\u00e4l som psykisk. S\u00e4rskilt arbetsrelaterad stress \u00e4r en av de stora orsakerna till oh\u00e4lsa och utmattningssyndrom. Att f\u00f6rebygga och ta [&hellip;]<\/p>\n","protected":false},"author":1,"featured_media":0,"parent":0,"menu_order":0,"comment_status":"closed","ping_status":"closed","template":"","meta":{"_ti_tpc_template_sync":false,"_ti_tpc_template_id":"","footnotes":""},"_links":{"self":[{"href":"https:\/\/arbitrio.se\/index.php?rest_route=\/wp\/v2\/pages\/355"}],"collection":[{"href":"https:\/\/arbitrio.se\/index.php?rest_route=\/wp\/v2\/pages"}],"about":[{"href":"https:\/\/arbitrio.se\/index.php?rest_route=\/wp\/v2\/types\/page"}],"author":[{"embeddable":true,"href":"https:\/\/arbitrio.se\/index.php?rest_route=\/wp\/v2\/users\/1"}],"replies":[{"embeddable":true,"href":"https:\/\/arbitrio.se\/index.php?rest_route=%2Fwp%2Fv2%2Fcomments&post=355"}],"version-history":[{"count":13,"href":"https:\/\/arbitrio.se\/index.php?rest_route=\/wp\/v2\/pages\/355\/revisions"}],"predecessor-version":[{"id":571,"href":"https:\/\/arbitrio.se\/index.php?rest_route=\/wp\/v2\/pages\/355\/revisions\/571"}],"wp:attachment":[{"href":"https:\/\/arbitrio.se\/index.php?rest_route=%2Fwp%2Fv2%2Fmedia&parent=355"}],"curies":[{"name":"wp","href":"https:\/\/api.w.org\/{rel}","templated":true}]}}