{"id":223,"date":"2012-05-02T23:12:58","date_gmt":"2012-05-02T23:12:58","guid":{"rendered":"http:\/\/arbitrio.se\/?page_id=223"},"modified":"2023-12-17T18:20:39","modified_gmt":"2023-12-17T18:20:39","slug":"om-oss","status":"publish","type":"page","link":"https:\/\/arbitrio.se\/?page_id=223","title":{"rendered":"Om oss och vad som \u00e4r p\u00e5 g\u00e5ng"},"content":{"rendered":"<p>Vi i Arbitrio \u00e4lskar utveckling. Vi gillar att f\u00e5 bidra till m\u00e4nniskors v\u00e4xande och vara medakt\u00f6rer till ett positivt utvecklingsklimat. F\u00f6rutom att vi \u00e4r specialiserade p\u00e5 personlig utveckling har vi \u00e4ven ett stort intresse f\u00f6r, samt erfarenhet och kunskap om hur IT och tekniska l\u00f6sningar kan bidra till m\u00e4nniskors v\u00e4lm\u00e5ende.<\/p>\n<ul>\n<li style=\"list-style-type: none;\">\n<ul>\n<li style=\"list-style-type: none;\">\n<ul>\n<li style=\"text-align: left;\"><span style=\"color: #000000;\">Vi finns som ditt st\u00f6d att hj\u00e4lpa dig att uppn\u00e5 och f\u00f6rverkliga m\u00e5l och visioner i ditt liv<\/span><\/li>\n<li style=\"text-align: left;\">Vi \u00e4r kvalificerade inom projektledning, handledning, coaching, hypnoterapi, \u00a0mindfulness, specialpedagogik<\/li>\n<li style=\"text-align: left;\"><span style=\"color: #000000;\">V\u00e5rt m\u00e5l \u00e4r\u00a0 att lyfta fram m\u00e4nniskors inneboende resurser och styrkor<\/span><\/li>\n<\/ul>\n<\/li>\n<\/ul>\n<\/li>\n<\/ul>\n<h2 style=\"text-align: center;\"><span style=\"color: #000000;\">Vi p\u00e5 Arbitrio finns f\u00f6r dig!<\/span><\/h2>\n<p><strong>Lite bakgrund\u00a0<\/strong><\/p>\n<p>Vi har tidigare bland annat utvecklat\u00a0 Androidapparna <strong>SATiFY Mindfulness Meditation<\/strong>\u00a0 och <strong>SATiFY Sangha Meditation<\/strong> som\u00a0 professionella verktyg f\u00f6r \u00a0f\u00f6rebyggande stresshantering och att ut\u00f6va Mindfulness i vardagen. Apparna kom att anv\u00e4ndas\u00a0 av \u00f6ver 50 000 m\u00e4nniskor runt om i v\u00e4rlden och blev v\u00e4ldigt uppskattade av m\u00e5nga. M\u00e5let med <a title=\"Satify\" href=\"http:\/\/www.satify.se\/\" target=\"_blank\" rel=\"noopener\">SATiFY<\/a> -apparna var att skapa b\u00e4ttre f\u00f6ruts\u00e4ttningar till h\u00e4lsa och v\u00e4lm\u00e5ende f\u00f6r m\u00e4nniskor som ofta lever i en <a title=\"Stresshantering och Hypnoterapi\" href=\"https:\/\/arbitrio.se\/?page_id=355\" target=\"_blank\" rel=\"noopener\">stressad livssituation<\/a>. Efter ett antal \u00e5r med m\u00e5nga uppdateringar och vidareutveckling av v\u00e5ra mindfullnessappar besl\u00f6t vi att g\u00f6ra n\u00e5got annat d\u00e5 nya m\u00f6jligheter finns att n\u00e5 ut till alla intresserade av h\u00e4lsa och v\u00e4lbefinnande.<\/p>\n<p><strong>Framtidsspaning<\/strong><\/p>\n<p>Idag jobbar vi f\u00f6r fullt med\u00a0 att utveckla\u00a0 Podden &#8221;Insikter P\u00e5 Livets Stig&#8221; som innefattar mycket bredare perspektiv \u00e4n vad v\u00e5ra tidigare appar kunde f\u00f6rmedla till v\u00e5ra anv\u00e4ndare. Klicka p\u00e5 bildl\u00e4nken nedan och l\u00e4s mer p\u00e5 v\u00e5r infosida om podden.<\/p>\n<p><a href=\"https:\/\/arbitrio.se\/?page_id=497&amp;preview=true\"><img loading=\"lazy\" decoding=\"async\" class=\"aligncenter size-medium wp-image-465\" src=\"http:\/\/media.arbitrio.se\/2023\/12\/insikter-pa-livetsstig-300x300.jpg\" alt=\"Bild p\u00e5 en stig i skogen\" width=\"300\" height=\"300\" \/><\/a><\/p>\n<p>&nbsp;<\/p>\n","protected":false},"excerpt":{"rendered":"<p>Vi i Arbitrio \u00e4lskar utveckling. Vi gillar att f\u00e5 bidra till m\u00e4nniskors v\u00e4xande och vara medakt\u00f6rer till ett positivt utvecklingsklimat. F\u00f6rutom att vi \u00e4r specialiserade p\u00e5 personlig utveckling har vi \u00e4ven ett stort intresse f\u00f6r, samt erfarenhet och kunskap om hur IT och tekniska l\u00f6sningar kan bidra till m\u00e4nniskors v\u00e4lm\u00e5ende. Vi finns som ditt st\u00f6d [&hellip;]<\/p>\n","protected":false},"author":1,"featured_media":178,"parent":0,"menu_order":0,"comment_status":"closed","ping_status":"closed","template":"","meta":{"_ti_tpc_template_sync":false,"_ti_tpc_template_id":"","footnotes":""},"_links":{"self":[{"href":"https:\/\/arbitrio.se\/index.php?rest_route=\/wp\/v2\/pages\/223"}],"collection":[{"href":"https:\/\/arbitrio.se\/index.php?rest_route=\/wp\/v2\/pages"}],"about":[{"href":"https:\/\/arbitrio.se\/index.php?rest_route=\/wp\/v2\/types\/page"}],"author":[{"embeddable":true,"href":"https:\/\/arbitrio.se\/index.php?rest_route=\/wp\/v2\/users\/1"}],"replies":[{"embeddable":true,"href":"https:\/\/arbitrio.se\/index.php?rest_route=%2Fwp%2Fv2%2Fcomments&post=223"}],"version-history":[{"count":88,"href":"https:\/\/arbitrio.se\/index.php?rest_route=\/wp\/v2\/pages\/223\/revisions"}],"predecessor-version":[{"id":577,"href":"https:\/\/arbitrio.se\/index.php?rest_route=\/wp\/v2\/pages\/223\/revisions\/577"}],"wp:featuredmedia":[{"embeddable":true,"href":"https:\/\/arbitrio.se\/index.php?rest_route=\/wp\/v2\/media\/178"}],"wp:attachment":[{"href":"https:\/\/arbitrio.se\/index.php?rest_route=%2Fwp%2Fv2%2Fmedia&parent=223"}],"curies":[{"name":"wp","href":"https:\/\/api.w.org\/{rel}","templated":true}]}}