{"id":132,"date":"2011-10-31T12:31:43","date_gmt":"2011-10-31T12:31:43","guid":{"rendered":"http:\/\/arbitrio.se\/?page_id=132"},"modified":"2023-12-17T19:22:36","modified_gmt":"2023-12-17T19:22:36","slug":"kontakta-oss","status":"publish","type":"page","link":"https:\/\/arbitrio.se\/?page_id=132","title":{"rendered":"Kontakta oss"},"content":{"rendered":"<p>Maila oss s\u00e5 kontaktar vi dig!<\/p>\n<p><a href=\"mailto:info@arbitrio.se\">info@arbitrio.se<\/a>\u00a0 :Om du \u00e4r intresserad av Coaching, Stresshantering, hypnoterapi eller tidigare liv hypnosterapi.<\/p>\n<p><a href=\"mailto:livet@arbitrio.se\">livet@arbitrio.se<\/a>\u00a0 : Om du har fr\u00e5gor eller tankar kring v\u00e5r Podd &#8221;Insikter p\u00e5 livets stig&#8221;<\/p>\n","protected":false},"excerpt":{"rendered":"<p>Maila oss s\u00e5 kontaktar vi dig! info@arbitrio.se\u00a0 :Om du \u00e4r intresserad av Coaching, Stresshantering, hypnoterapi eller tidigare liv hypnosterapi. livet@arbitrio.se\u00a0 : Om du har fr\u00e5gor eller tankar kring v\u00e5r Podd &#8221;Insikter p\u00e5 livets stig&#8221;<\/p>\n","protected":false},"author":1,"featured_media":0,"parent":0,"menu_order":0,"comment_status":"closed","ping_status":"closed","template":"","meta":{"_ti_tpc_template_sync":false,"_ti_tpc_template_id":"","footnotes":""},"_links":{"self":[{"href":"https:\/\/arbitrio.se\/index.php?rest_route=\/wp\/v2\/pages\/132"}],"collection":[{"href":"https:\/\/arbitrio.se\/index.php?rest_route=\/wp\/v2\/pages"}],"about":[{"href":"https:\/\/arbitrio.se\/index.php?rest_route=\/wp\/v2\/types\/page"}],"author":[{"embeddable":true,"href":"https:\/\/arbitrio.se\/index.php?rest_route=\/wp\/v2\/users\/1"}],"replies":[{"embeddable":true,"href":"https:\/\/arbitrio.se\/index.php?rest_route=%2Fwp%2Fv2%2Fcomments&post=132"}],"version-history":[{"count":11,"href":"https:\/\/arbitrio.se\/index.php?rest_route=\/wp\/v2\/pages\/132\/revisions"}],"predecessor-version":[{"id":602,"href":"https:\/\/arbitrio.se\/index.php?rest_route=\/wp\/v2\/pages\/132\/revisions\/602"}],"wp:attachment":[{"href":"https:\/\/arbitrio.se\/index.php?rest_route=%2Fwp%2Fv2%2Fmedia&parent=132"}],"curies":[{"name":"wp","href":"https:\/\/api.w.org\/{rel}","templated":true}]}}